{"id":12,"date":"2024-03-16T02:19:44","date_gmt":"2024-03-16T01:19:44","guid":{"rendered":"https:\/\/toulouse.wordcamp.org\/2025\/organizers\/"},"modified":"2025-03-26T10:33:55","modified_gmt":"2025-03-26T09:33:55","slug":"equipe","status":"publish","type":"page","link":"https:\/\/toulouse.wordcamp.org\/2025\/communaute\/equipe\/","title":{"rendered":"L&rsquo;\u00e9quipe organisatrice du WordCamp Toulouse 2025"},"content":{"rendered":"\n<div class=\"wp-block-group alignfull has-custom-violet-tres-leger-background-color has-background has-global-padding is-layout-constrained wp-container-core-group-is-layout-1d30e6d9 wp-block-group-is-layout-constrained\" style=\"margin-bottom:0;padding-top:var(--wp--preset--spacing--50);padding-right:var(--wp--preset--spacing--50);padding-bottom:var(--wp--preset--spacing--50);padding-left:var(--wp--preset--spacing--50)\">\n<div class=\"wp-block-query alignwide is-layout-flow wp-block-query-is-layout-flow\"><ul class=\"columns-3 wp-block-post-template is-layout-grid wp-container-core-post-template-is-layout-6d3fbd8f wp-block-post-template-is-layout-grid\"><li class=\"wp-block-post post-111 wcb_organizer type-wcb_organizer status-publish hentry\">\n\n<div class=\"wp-block-group wct-card-organizer has-base-background-color has-background has-global-padding is-content-justification-center is-layout-constrained wp-container-core-group-is-layout-d7957b7c wp-block-group-is-layout-constrained\" style=\"border-radius:8px;min-height:100%;padding-top:var(--wp--preset--spacing--40);padding-right:var(--wp--preset--spacing--40);padding-bottom:var(--wp--preset--spacing--40);padding-left:var(--wp--preset--spacing--40)\"><figure style=\"width:96px;height:96px;\" class=\"aligncenter is-style-rounded wp-block-wordcamp-avatar\"><img decoding=\"async\" src=\"https:\/\/secure.gravatar.com\/avatar\/457e554d36100e239d1bc21196efb6780169961e0cf931b09bce15763939f649?s=96&amp;d=mm&amp;r=g\" alt=\"Ma\u00eflis Amalric\" \/><\/figure>\n\n<h2 style=\"margin-bottom:0;\" class=\"has-text-align-center wp-block-post-title has-x-large-font-size\">Ma\u00eflis Amalric<\/h2>\n\n<div class=\"entry-content wp-block-post-content is-layout-flow wp-block-post-content-is-layout-flow\">\n<p class=\"has-text-align-center\">D\u00e9veloppeuse fullstack<\/p>\n\n\n\n<div class=\"wp-block-buttons is-content-justification-center is-layout-flex wp-container-core-buttons-is-layout-a89b3969 wp-block-buttons-is-layout-flex\">\n<div class=\"wp-block-button\"><a target=\"_blank\" href=\"https:\/\/mailisamalric.fr\/de-la-conception-au-developpement-ma-methode-de-travail\/\" class=\"wp-block-button__link wp-element-button\" rel=\"noreferrer noopener\">Travaillons ensemble \ud83d\ude42<\/a><\/div>\n<\/div>\n<\/div><\/div>\n\n<\/li><li class=\"wp-block-post post-116 wcb_organizer type-wcb_organizer status-publish hentry\">\n\n<div class=\"wp-block-group wct-card-organizer has-base-background-color has-background has-global-padding is-content-justification-center is-layout-constrained wp-container-core-group-is-layout-d7957b7c wp-block-group-is-layout-constrained\" style=\"border-radius:8px;min-height:100%;padding-top:var(--wp--preset--spacing--40);padding-right:var(--wp--preset--spacing--40);padding-bottom:var(--wp--preset--spacing--40);padding-left:var(--wp--preset--spacing--40)\"><figure style=\"width:96px;height:96px;\" class=\"aligncenter is-style-rounded wp-block-wordcamp-avatar\"><img decoding=\"async\" src=\"https:\/\/secure.gravatar.com\/avatar\/989824b0e7508599671c7f979acc5f858c1a8313c0ae0e6a11a5d26bb3639805?s=96&amp;d=mm&amp;r=g\" alt=\"Cyrille Sanson\" \/><\/figure>\n\n<h2 style=\"margin-bottom:0;\" class=\"has-text-align-center wp-block-post-title has-x-large-font-size\">Cyrille Sanson<\/h2>\n\n<div class=\"entry-content wp-block-post-content is-layout-flow wp-block-post-content-is-layout-flow\">\n<p class=\"has-text-align-center\">Concepteur de sites web<\/p>\n\n\n\n<div class=\"wp-block-buttons is-content-justification-center is-layout-flex wp-container-core-buttons-is-layout-a89b3969 wp-block-buttons-is-layout-flex\">\n<div class=\"wp-block-button\"><a target=\"_blank\" href=\"https:\/\/100son.net\/webmaster-createur-sites-web-toulouse\/\" class=\"wp-block-button__link wp-element-button\" rel=\"noreferrer noopener\">100son.net \ud83d\udc26\ufe0f<\/a><\/div>\n<\/div>\n\n\n\n<p><\/p>\n<\/div><\/div>\n\n<\/li><li class=\"wp-block-post post-124 wcb_organizer type-wcb_organizer status-publish hentry\">\n\n<div class=\"wp-block-group wct-card-organizer has-base-background-color has-background has-global-padding is-content-justification-center is-layout-constrained wp-container-core-group-is-layout-d7957b7c wp-block-group-is-layout-constrained\" style=\"border-radius:8px;min-height:100%;padding-top:var(--wp--preset--spacing--40);padding-right:var(--wp--preset--spacing--40);padding-bottom:var(--wp--preset--spacing--40);padding-left:var(--wp--preset--spacing--40)\"><figure style=\"width:96px;height:96px;\" class=\"aligncenter is-style-rounded wp-block-wordcamp-avatar\"><img decoding=\"async\" src=\"https:\/\/secure.gravatar.com\/avatar\/dedbbf6f809722354c73e42485e48de48ad24b1f3e5ba2abf83e752902d3b249?s=96&amp;d=mm&amp;r=g\" alt=\"Mike Lecomte\" \/><\/figure>\n\n<h2 style=\"margin-bottom:0;\" class=\"has-text-align-center wp-block-post-title has-x-large-font-size\">Mike Lecomte<\/h2>\n\n<div class=\"entry-content wp-block-post-content is-layout-flow wp-block-post-content-is-layout-flow\">\n<p>Charg\u00e9 de projet web<\/p>\n<\/div><\/div>\n\n<\/li><li class=\"wp-block-post post-122 wcb_organizer type-wcb_organizer status-publish hentry\">\n\n<div class=\"wp-block-group wct-card-organizer has-base-background-color has-background has-global-padding is-content-justification-center is-layout-constrained wp-container-core-group-is-layout-d7957b7c wp-block-group-is-layout-constrained\" style=\"border-radius:8px;min-height:100%;padding-top:var(--wp--preset--spacing--40);padding-right:var(--wp--preset--spacing--40);padding-bottom:var(--wp--preset--spacing--40);padding-left:var(--wp--preset--spacing--40)\"><figure style=\"width:96px;height:96px;\" class=\"aligncenter is-style-rounded wp-block-wordcamp-avatar\"><img decoding=\"async\" src=\"https:\/\/secure.gravatar.com\/avatar\/56c7a6fd5c10dd765d0cd803ab887866c4429ec822f15d3b2bacd9e44b14d036?s=96&amp;d=mm&amp;r=g\" alt=\"Mathias Peguet\" \/><\/figure>\n\n<h2 style=\"margin-bottom:0;\" class=\"has-text-align-center wp-block-post-title has-x-large-font-size\">Mathias Peguet<\/h2>\n\n<div class=\"entry-content wp-block-post-content is-layout-flow wp-block-post-content-is-layout-flow\">\n<p>Consultant Accessibilit\u00e9 et UX design<\/p>\n<\/div><\/div>\n\n<\/li><li class=\"wp-block-post post-119 wcb_organizer type-wcb_organizer status-publish hentry\">\n\n<div class=\"wp-block-group wct-card-organizer has-base-background-color has-background has-global-padding is-content-justification-center is-layout-constrained wp-container-core-group-is-layout-d7957b7c wp-block-group-is-layout-constrained\" style=\"border-radius:8px;min-height:100%;padding-top:var(--wp--preset--spacing--40);padding-right:var(--wp--preset--spacing--40);padding-bottom:var(--wp--preset--spacing--40);padding-left:var(--wp--preset--spacing--40)\"><figure style=\"width:96px;height:96px;\" class=\"aligncenter is-style-rounded wp-block-wordcamp-avatar\"><img decoding=\"async\" src=\"https:\/\/secure.gravatar.com\/avatar\/620c62597eb470786185240bd29f7f2a628866bb23973f5f6368a16530dff43c?s=96&amp;d=mm&amp;r=g\" alt=\"Christelle Stasse\" \/><\/figure>\n\n<h2 style=\"margin-bottom:0;\" class=\"has-text-align-center wp-block-post-title has-x-large-font-size\">Christelle Stasse<\/h2>\n\n<div class=\"entry-content wp-block-post-content is-layout-flow wp-block-post-content-is-layout-flow\">\n<p class=\"has-text-align-center\">Webmaster<\/p>\n\n\n\n<div class=\"wp-block-buttons is-content-justification-center is-layout-flex wp-container-core-buttons-is-layout-a89b3969 wp-block-buttons-is-layout-flex\">\n<div class=\"wp-block-button\"><a target=\"_blank\" href=\"https:\/\/christellestasse.com\/\" class=\"wp-block-button__link wp-element-button\" rel=\"noreferrer noopener\">On se contacte ?<\/a><\/div>\n<\/div>\n<\/div><\/div>\n\n<\/li><li class=\"wp-block-post post-997 wcb_organizer type-wcb_organizer status-publish hentry\">\n\n<div class=\"wp-block-group wct-card-organizer has-base-background-color has-background has-global-padding is-content-justification-center is-layout-constrained wp-container-core-group-is-layout-d7957b7c wp-block-group-is-layout-constrained\" style=\"border-radius:8px;min-height:100%;padding-top:var(--wp--preset--spacing--40);padding-right:var(--wp--preset--spacing--40);padding-bottom:var(--wp--preset--spacing--40);padding-left:var(--wp--preset--spacing--40)\"><figure style=\"width:96px;height:96px;\" class=\"aligncenter is-style-rounded wp-block-wordcamp-avatar\"><img decoding=\"async\" src=\"https:\/\/secure.gravatar.com\/avatar\/2865c3e7827c78dbb91ca736fc354cd71feb3e5796f18419fd79d012b71c498d?s=96&amp;d=mm&amp;r=g\" alt=\"JB Couton\" \/><\/figure>\n\n<h2 style=\"margin-bottom:0;\" class=\"has-text-align-center wp-block-post-title has-x-large-font-size\">JB Couton<\/h2>\n\n<div class=\"entry-content wp-block-post-content is-layout-flow wp-block-post-content-is-layout-flow\">\n<p class=\"has-text-align-center\">Consultant en cybers\u00e9curit\u00e9 <br>&amp; WordPress addict since 2004<\/p>\n\n\n\n<div class=\"wp-block-buttons is-content-justification-center is-layout-flex wp-container-core-buttons-is-layout-a89b3969 wp-block-buttons-is-layout-flex\">\n<div class=\"wp-block-button\"><a target=\"_blank\" href=\"https:\/\/samaritain.io\" class=\"wp-block-button__link wp-element-button\" rel=\"noreferrer noopener\">hello \ud83d\udc4b\ud83c\udffb<\/a><\/div>\n<\/div>\n\n\n\n<p><\/p>\n<\/div><\/div>\n\n<\/li><li class=\"wp-block-post post-1038 wcb_organizer type-wcb_organizer status-publish hentry\">\n\n<div class=\"wp-block-group wct-card-organizer has-base-background-color has-background has-global-padding is-content-justification-center is-layout-constrained wp-container-core-group-is-layout-d7957b7c wp-block-group-is-layout-constrained\" style=\"border-radius:8px;min-height:100%;padding-top:var(--wp--preset--spacing--40);padding-right:var(--wp--preset--spacing--40);padding-bottom:var(--wp--preset--spacing--40);padding-left:var(--wp--preset--spacing--40)\"><figure style=\"width:96px;height:96px;\" class=\"aligncenter is-style-rounded wp-block-wordcamp-avatar\"><img decoding=\"async\" src=\"https:\/\/secure.gravatar.com\/avatar\/03a938a44afd3d0d700f11ef559e4175bd652ccbca667683725cdbe7b097cf20?s=96&amp;d=mm&amp;r=g\" alt=\"Jean-Baptiste Jumeau\" \/><\/figure>\n\n<h2 style=\"margin-bottom:0;\" class=\"has-text-align-center wp-block-post-title has-x-large-font-size\">Jean-Baptiste Jumeau<\/h2>\n\n<div class=\"entry-content wp-block-post-content is-layout-flow wp-block-post-content-is-layout-flow\">\n<p class=\"has-text-align-center\">Directeur artistique et webdesigner<\/p>\n\n\n\n<div class=\"wp-block-buttons is-content-justification-center is-layout-flex wp-container-core-buttons-is-layout-a89b3969 wp-block-buttons-is-layout-flex\">\n<div class=\"wp-block-button\"><a target=\"_blank\" href=\"https:\/\/asteroide.fr\" class=\"wp-block-button__link wp-element-button\" rel=\"noreferrer noopener\">Ast\u00e9ro\u00efde design<\/a><\/div>\n<\/div>\n\n\n\n<p><\/p>\n<\/div><\/div>\n\n<\/li><li class=\"wp-block-post post-183 wcb_organizer type-wcb_organizer status-publish hentry\">\n\n<div class=\"wp-block-group wct-card-organizer has-base-background-color has-background has-global-padding is-content-justification-center is-layout-constrained wp-container-core-group-is-layout-d7957b7c wp-block-group-is-layout-constrained\" style=\"border-radius:8px;min-height:100%;padding-top:var(--wp--preset--spacing--40);padding-right:var(--wp--preset--spacing--40);padding-bottom:var(--wp--preset--spacing--40);padding-left:var(--wp--preset--spacing--40)\"><figure style=\"width:96px;height:96px;\" class=\"aligncenter is-style-rounded wp-block-wordcamp-avatar\"><img decoding=\"async\" src=\"https:\/\/secure.gravatar.com\/avatar\/f1cc044bc6ec6ec7a740d35436b2a06b6e964898ab089dc437a8402c54b404e0?s=96&amp;d=mm&amp;r=g\" alt=\"Valentin Grenier\" \/><\/figure>\n\n<h2 style=\"margin-bottom:0;\" class=\"has-text-align-center wp-block-post-title has-x-large-font-size\">Valentin Grenier<\/h2>\n\n<div class=\"entry-content wp-block-post-content is-layout-flow wp-block-post-content-is-layout-flow\">\n<p class=\"has-text-align-center\">D\u00e9veloppeur WordPress FSE<\/p>\n\n\n\n<div class=\"wp-block-buttons is-content-justification-center is-layout-flex wp-container-core-buttons-is-layout-a89b3969 wp-block-buttons-is-layout-flex\">\n<div class=\"wp-block-button\"><a target=\"_blank\" href=\"https:\/\/studio-val.fr\" class=\"wp-block-button__link wp-element-button\" rel=\"noreferrer noopener\">On discute ? \ud83d\udc4b\ud83c\udffb<\/a><\/div>\n<\/div>\n\n\n\n<p><\/p>\n<\/div><\/div>\n\n<\/li><li class=\"wp-block-post post-1042 wcb_organizer type-wcb_organizer status-publish hentry\">\n\n<div class=\"wp-block-group wct-card-organizer has-base-background-color has-background has-global-padding is-content-justification-center is-layout-constrained wp-container-core-group-is-layout-d7957b7c wp-block-group-is-layout-constrained\" style=\"border-radius:8px;min-height:100%;padding-top:var(--wp--preset--spacing--40);padding-right:var(--wp--preset--spacing--40);padding-bottom:var(--wp--preset--spacing--40);padding-left:var(--wp--preset--spacing--40)\"><figure style=\"width:96px;height:96px;\" class=\"aligncenter is-style-rounded wp-block-wordcamp-avatar\"><img decoding=\"async\" src=\"https:\/\/secure.gravatar.com\/avatar\/5c6cbac107c132c57a2bb2d7a5f8b0c31d899519c58ea4b22f62eb718541afce?s=96&amp;d=mm&amp;r=g\" alt=\"Marie Comet\" \/><\/figure>\n\n<h2 style=\"margin-bottom:0;\" class=\"has-text-align-center wp-block-post-title has-x-large-font-size\">Marie Comet<\/h2>\n\n<div class=\"entry-content wp-block-post-content is-layout-flow wp-block-post-content-is-layout-flow\">\n<p class=\"has-text-align-center\">Theme developer<\/p>\n\n\n\n<div class=\"wp-block-buttons is-content-justification-center is-layout-flex wp-container-core-buttons-is-layout-a89b3969 wp-block-buttons-is-layout-flex\">\n<div class=\"wp-block-button\"><a class=\"wp-block-button__link wp-element-button\" href=\"https:\/\/mariecomet.fr\/\" target=\"_blank\" rel=\"noreferrer noopener\">Voir mon site<\/a><\/div>\n<\/div>\n<\/div><\/div>\n\n<\/li><li class=\"wp-block-post post-1040 wcb_organizer type-wcb_organizer status-publish hentry\">\n\n<div class=\"wp-block-group wct-card-organizer has-base-background-color has-background has-global-padding is-content-justification-center is-layout-constrained wp-container-core-group-is-layout-d7957b7c wp-block-group-is-layout-constrained\" style=\"border-radius:8px;min-height:100%;padding-top:var(--wp--preset--spacing--40);padding-right:var(--wp--preset--spacing--40);padding-bottom:var(--wp--preset--spacing--40);padding-left:var(--wp--preset--spacing--40)\"><figure style=\"width:96px;height:96px;\" class=\"aligncenter is-style-rounded wp-block-wordcamp-avatar\"><img decoding=\"async\" src=\"https:\/\/secure.gravatar.com\/avatar\/1f147f87d0eacb608283a0f5eaf96b48dc20abc58920b564d93788c7cd5d864d?s=96&amp;d=mm&amp;r=g\" alt=\"Thomas Piron\" \/><\/figure>\n\n<h2 style=\"margin-bottom:0;\" class=\"has-text-align-center wp-block-post-title has-x-large-font-size\">Thomas Piron<\/h2>\n\n<div class=\"entry-content wp-block-post-content is-layout-flow wp-block-post-content-is-layout-flow\">\n<p>Touche \u00e0 tout, j&rsquo;utilise WordPress depuis au moins 10 ans.<\/p>\n\n\n\n<p>Contributeur comme traducteur d&rsquo;abord puis co-organisateur des WordCamp Bordeaux et Biarritz. J&rsquo;ai \u00e9t\u00e9 sollicit\u00e9 un peu pour aider sur le premier WordCamp Toulouse, j&rsquo;ai bien \u00e9videment r\u00e9pondu pr\u00e9sent.<\/p>\n\n\n\n<p><\/p>\n<\/div><\/div>\n\n<\/li><\/ul><\/div>\n<\/div>\n","protected":false},"excerpt":{"rendered":"","protected":false},"author":15676079,"featured_media":0,"parent":227,"menu_order":0,"comment_status":"closed","ping_status":"closed","template":"wp-custom-template-page-fond-violet","meta":{"advanced_seo_description":"","jetpack_seo_html_title":"","jetpack_seo_noindex":false,"jetpack_post_was_ever_published":false,"footnotes":""},"class_list":["post-12","page","type-page","status-publish","hentry"],"jetpack_sharing_enabled":true,"_links":{"self":[{"href":"https:\/\/toulouse.wordcamp.org\/2025\/wp-json\/wp\/v2\/pages\/12","targetHints":{"allow":["GET"]}}],"collection":[{"href":"https:\/\/toulouse.wordcamp.org\/2025\/wp-json\/wp\/v2\/pages"}],"about":[{"href":"https:\/\/toulouse.wordcamp.org\/2025\/wp-json\/wp\/v2\/types\/page"}],"author":[{"embeddable":true,"href":"https:\/\/toulouse.wordcamp.org\/2025\/wp-json\/wp\/v2\/users\/15676079"}],"replies":[{"embeddable":true,"href":"https:\/\/toulouse.wordcamp.org\/2025\/wp-json\/wp\/v2\/comments?post=12"}],"version-history":[{"count":59,"href":"https:\/\/toulouse.wordcamp.org\/2025\/wp-json\/wp\/v2\/pages\/12\/revisions"}],"predecessor-version":[{"id":1771,"href":"https:\/\/toulouse.wordcamp.org\/2025\/wp-json\/wp\/v2\/pages\/12\/revisions\/1771"}],"up":[{"embeddable":true,"href":"https:\/\/toulouse.wordcamp.org\/2025\/wp-json\/wp\/v2\/pages\/227"}],"wp:attachment":[{"href":"https:\/\/toulouse.wordcamp.org\/2025\/wp-json\/wp\/v2\/media?parent=12"}],"curies":[{"name":"wp","href":"https:\/\/api.w.org\/{rel}","templated":true}]}}