{"id":13,"date":"2025-02-06T10:14:48","date_gmt":"2025-02-06T09:14:48","guid":{"rendered":"https:\/\/toulouse.wordcamp.org\/2025\/?page_id=13"},"modified":"2025-05-29T09:27:51","modified_gmt":"2025-05-29T07:27:51","slug":"billetterie","status":"publish","type":"page","link":"https:\/\/toulouse.wordcamp.org\/2025\/billetterie\/","title":{"rendered":"Billetterie"},"content":{"rendered":"\n<div class=\"wp-block-group has-global-padding is-layout-constrained wp-block-group-is-layout-constrained\" style=\"padding-bottom:var(--wp--preset--spacing--50)\">\n<div class=\"wp-block-group has-global-padding is-layout-constrained wp-container-core-group-is-layout-a099c240 wp-block-group-is-layout-constrained\">\n<div class=\"wp-block-group has-custom-violet-tres-leger-background-color has-background has-global-padding is-layout-constrained wp-container-core-group-is-layout-8bd8dac6 wp-block-group-is-layout-constrained\" style=\"border-radius:16px;margin-top:var(--wp--preset--spacing--50);margin-bottom:var(--wp--preset--spacing--50);padding-top:var(--wp--preset--spacing--40);padding-right:var(--wp--preset--spacing--40);padding-bottom:var(--wp--preset--spacing--40);padding-left:var(--wp--preset--spacing--40)\">\n<h2 class=\"wp-block-heading has-text-align-center has-large-font-size\"><strong>La billetterie est ferm\u00e9e.<\/strong><\/h2>\n\n\n\n<p class=\"has-text-align-center\">Merci pour votre participation !<\/p>\n<\/div>\n<\/div>\n\n\n\n<p>Le 23 mai 2025, rejoignez-nous au Th\u00e9\u00e2tre de la Cit\u00e9 \u2013 CDN Toulouse Occitanie pour une journ\u00e9e exceptionnelle d\u00e9di\u00e9e \u00e0 WordPress.<\/p>\n\n\n\n<div class=\"wp-block-group has-custom-violet-tres-leger-background-color has-background has-global-padding is-layout-constrained wp-container-core-group-is-layout-8bd8dac6 wp-block-group-is-layout-constrained\" style=\"border-radius:8px;margin-top:var(--wp--preset--spacing--50);margin-bottom:var(--wp--preset--spacing--50);padding-top:var(--wp--preset--spacing--40);padding-right:var(--wp--preset--spacing--40);padding-bottom:var(--wp--preset--spacing--40);padding-left:var(--wp--preset--spacing--40)\">\n<p>Votre billet comprend :<\/p>\n\n\n\n<ul class=\"wp-block-list\">\n<li><strong>Un acc\u00e8s libre aux conf\u00e9rences<\/strong> : Assistez \u00e0 toutes les sessions anim\u00e9es par des experts du domaine.<\/li>\n\n\n\n<li><strong>Un d\u00e9jeuner et des pauses gourmandes<\/strong> : Savourez des repas et encas d\u00e9licieux pour recharger vos batteries.<\/li>\n\n\n\n<li><strong>Un espace networking<\/strong> : \u00c9changez et connectez-vous avec nos sponsors et les autres participant.e.s.<\/li>\n\n\n\n<li><strong>Un acc\u00e8s \u00e0 l\u2019after party<\/strong> : Prolongez cette journ\u00e9e avec une soir\u00e9e conviviale, pleine de partage avec la communaut\u00e9.<\/li>\n<\/ul>\n\n\n\n<p>Ne manquez pas cette opportunit\u00e9 unique de plonger au c\u0153ur de l&rsquo;univers WordPress et de rencontrer des passionn\u00e9s comme vous !<\/p>\n\n\n\n<p style=\"margin-top:var(--wp--preset--spacing--40)\">\u00c7a serait dommage de rater tout \u00e7a, non ?<br><strong>Alors, go ! R\u00e9servez votre place d\u00e8s maintenant pour \u00eatre s\u00fbr d\u2019en profiter.<\/strong><\/p>\n<\/div>\n\n\n\n<p><strong>NB <\/strong>: En r\u00e9servant votre billet, vous reconnaissez avoir pris connaissance et acceptez les conditions suivantes :<\/p>\n\n\n\n<ul class=\"wp-block-list is-style-checkmark-list\">\n<li>L\u2019adh\u00e9sion et le respect, en tant que participant\u00b7e, \u00e0 notre <a href=\"https:\/\/toulouse.wordcamp.org\/2025\/code-de-conduite\/\">code de conduite<\/a>.<\/li>\n\n\n\n<li>Vous consentez \u00e0 ce que votre image soit utilis\u00e9e dans les photos ou les vid\u00e9os qui seront prises ou enregistr\u00e9es durant l\u2019\u00e9v\u00e9nement et la soir\u00e9e.<\/li>\n<\/ul>\n<\/div>\n","protected":false},"excerpt":{"rendered":"<p>La billetterie est ferm\u00e9e. Merci pour votre participation ! Le 23 mai 2025, rejoignez-nous au Th\u00e9\u00e2tre de la Cit\u00e9 \u2013 CDN Toulouse Occitanie pour une journ\u00e9e exceptionnelle d\u00e9di\u00e9e \u00e0 WordPress. Votre billet comprend : Ne manquez pas cette opportunit\u00e9 unique de plonger au c\u0153ur de l&rsquo;univers WordPress et de rencontrer des passionn\u00e9s comme vous ! [&hellip;]<\/p>\n","protected":false},"author":15676079,"featured_media":0,"parent":0,"menu_order":0,"comment_status":"closed","ping_status":"closed","template":"","meta":{"advanced_seo_description":"","jetpack_seo_html_title":"","jetpack_seo_noindex":false,"jetpack_post_was_ever_published":true,"footnotes":""},"class_list":["post-13","page","type-page","status-publish","hentry"],"jetpack_sharing_enabled":true,"_links":{"self":[{"href":"https:\/\/toulouse.wordcamp.org\/2025\/wp-json\/wp\/v2\/pages\/13","targetHints":{"allow":["GET"]}}],"collection":[{"href":"https:\/\/toulouse.wordcamp.org\/2025\/wp-json\/wp\/v2\/pages"}],"about":[{"href":"https:\/\/toulouse.wordcamp.org\/2025\/wp-json\/wp\/v2\/types\/page"}],"author":[{"embeddable":true,"href":"https:\/\/toulouse.wordcamp.org\/2025\/wp-json\/wp\/v2\/users\/15676079"}],"replies":[{"embeddable":true,"href":"https:\/\/toulouse.wordcamp.org\/2025\/wp-json\/wp\/v2\/comments?post=13"}],"version-history":[{"count":27,"href":"https:\/\/toulouse.wordcamp.org\/2025\/wp-json\/wp\/v2\/pages\/13\/revisions"}],"predecessor-version":[{"id":3643,"href":"https:\/\/toulouse.wordcamp.org\/2025\/wp-json\/wp\/v2\/pages\/13\/revisions\/3643"}],"wp:attachment":[{"href":"https:\/\/toulouse.wordcamp.org\/2025\/wp-json\/wp\/v2\/media?parent=13"}],"curies":[{"name":"wp","href":"https:\/\/api.w.org\/{rel}","templated":true}]}}