{"id":20,"date":"2024-03-16T02:19:44","date_gmt":"2024-03-16T01:19:44","guid":{"rendered":"https:\/\/toulouse.wordcamp.org\/2025\/code-of-conduct\/"},"modified":"2025-03-12T22:35:03","modified_gmt":"2025-03-12T21:35:03","slug":"code-de-conduite","status":"publish","type":"page","link":"https:\/\/toulouse.wordcamp.org\/2025\/code-de-conduite\/","title":{"rendered":"Code de conduite"},"content":{"rendered":"\n<p>L\u2019\u00e9quipe du WordCamp Toulouse, et le projet WordPress en g\u00e9n\u00e9ral, s\u2019efforce de suivre l\u2019exemple promu par la<a href=\"http:\/\/geekfeminism.wikia.com\/wiki\/Conference_anti-harassment\/Policy\" target=\"_blank\" rel=\"noreferrer noopener\"> politique anti-harc\u00e8lement<\/a> propos\u00e9e par l\u2019<a href=\"http:\/\/adainitiative.org\/what-we-do\/conference-policies\/\" target=\"_blank\" rel=\"noreferrer noopener\">Ada Initiative<\/a>. Nous nous efforcerons de suivre leur<a href=\"http:\/\/geekfeminism.wikia.com\/wiki\/Conference_anti-harassment\/Responding_to_reports\" target=\"_blank\" rel=\"noreferrer noopener\"> guide de prise en compte des signalements de harc\u00e8lement<\/a>.<\/p>\n\n\n\n<p>Cette page est une traduction de la page \u00ab<a href=\"https:\/\/make.wordpress.org\/community\/handbook\/wordcamp-organizer\/planning-details\/code-of-conduct\/\" target=\"_blank\" rel=\"noreferrer noopener\"> Code of Conduct<\/a> \u00bb mise en place par <em>WordCamp Community Support<\/em>.<\/p>\n\n\n\n<div style=\"height:1rem\" aria-hidden=\"true\" class=\"wp-block-spacer\"><\/div>\n\n\n\n<h2 class=\"wp-block-heading\">1. <strong>Objectif<\/strong><\/h2>\n\n\n\n<p>L\u2019\u00e9quipe du WordCamp Toulouse estime que notre communaut\u00e9 devrait \u00eatre ouverte \u00e0 toutes et tous. De fait, nous nous engageons \u00e0 mettre en place un environnement convivial, s\u00fbr et accueillant pour tous les participant\u00b7e\u00b7s, sans distinction de genre, d\u2019orientation sexuelle, d\u2019handicap, d\u2019origine ethnique, ou de religion \u2014 ni m\u00eame de syst\u00e8me d\u2019exploitation, de langage de programmation ou d\u2019\u00e9diteur de code pr\u00e9f\u00e9r\u00e9.<\/p>\n\n\n\n<p>Le pr\u00e9sent code de conduite \u00e9nonce nos attentes en mati\u00e8re de comportement des participant\u00b7e\u00b7s, ainsi que les cons\u00e9quences d\u2019un comportement inacceptable.<\/p>\n\n\n\n<p>Nous invitons tous les sponsors, les b\u00e9n\u00e9voles, les intervenants, les auditeurs et les autres participant\u00b7e\u00b7s \u00e0 nous aider \u00e0 faire du WordCamp Toulouse une conf\u00e9rence s\u00fbre et b\u00e9n\u00e9fique pour tout le monde.<\/p>\n\n\n\n<div style=\"height:1rem\" aria-hidden=\"true\" class=\"wp-block-spacer\"><\/div>\n\n\n\n<h2 class=\"wp-block-heading\">2. <strong>\u00catre un bon citoyen de l\u2019<em>Open Source<\/em><\/strong><\/h2>\n\n\n\n<p>Un objectif suppl\u00e9mentaire de ce code de conduite est d\u2019accro\u00eetre le nombre de membres de la communaut\u00e9 open source en encourageant les participant\u00b7e\u00b7s \u00e0 d\u00e9couvrir et renforcer les relations entre ce que nous faisons et la communaut\u00e9 dans son ensemble.<\/p>\n\n\n\n<p>Dans cette optique, les organisateur\u00b7rice\u00b7s du WordCamp Toulouse accepterons des nominations de citoyens exemplaires durant l\u2019\u00e9v\u00e8nement afin de mettre en avant une s\u00e9lection de participant\u00b7e\u00b7s sur le site de la conf\u00e9rence une fois celle-ci termin\u00e9e.<\/p>\n\n\n\n<p>Ainsi, si en tant que participant\u00b7e\u00b7s vous constatez que quelqu\u2019un fait un effort particulier pour s\u2019assurer que la communaut\u00e9 est accueillante, amicale, et qu\u2019elle encourage l\u2019ensemble des participant\u00b7e\u00b7s \u00e0 contribuer le plus possible, cela nous int\u00e9resse. Vous pouvez nous en parler \u00e0 l\u2019accueil de l\u2019\u00e9v\u00e8nement ou sur le<a href=\"https:\/\/toulouse.wordcamp.org\/2025\/contact\/\"> formulaire de contact<\/a>.<\/p>\n\n\n\n<div style=\"height:1rem\" aria-hidden=\"true\" class=\"wp-block-spacer\"><\/div>\n\n\n\n<h2 class=\"wp-block-heading\">3. <strong>Comportement attendu<\/strong><\/h2>\n\n\n\n<ul class=\"wp-block-list\">\n<li>Faites attention \u00e0 autrui, soyez respectueux et ouverts au partage.<\/li>\n\n\n\n<li>Abstenez-vous de comportements et propos discriminatoires, humiliants ou d\u00e9gradants.<\/li>\n\n\n\n<li>Tenez compte de votre environnement imm\u00e9diat et des autres participant\u00b7e\u00b7s.<\/li>\n\n\n\n<li>Pr\u00e9venez les organisateur\u00b7rice\u00b7s si vous remarquez une situation dangereuse ou quelqu\u2019un en d\u00e9tresse.<\/li>\n\n\n\n<li>Participez de mani\u00e8re authentique et active. Ce faisant, vous aiderez \u00e0 faire du WordCamp Toulouse un \u00e9v\u00e8nement r\u00e9ussi autant pour vous-m\u00eames que pour les autres participant\u00b7e\u00b7s.<\/li>\n<\/ul>\n\n\n\n<div style=\"height:1rem\" aria-hidden=\"true\" class=\"wp-block-spacer\"><\/div>\n\n\n\n<h2 class=\"wp-block-heading\">4. <strong>Comportements inacceptables<\/strong><\/h2>\n\n\n\n<p>La liste des comportements inacceptables inclus : intimidation, harc\u00e8lement, discrimination, et en g\u00e9n\u00e9ral avoir une conduite abusive, d\u00e9rogatoire ou d\u00e9gradante, ce pour tous les participant\u00b7e\u00b7s du WordCamp Toulouse et ses \u00e9v\u00e9nements attach\u00e9s (comme les d\u00eeners et soir\u00e9es).<\/p>\n\n\n\n<p>Les membres du public du WordCamp Toulouse peuvent librement acc\u00e9der et utiliser aux lieux de l\u2019\u00e9v\u00e8nement, \u00e0 partir du moment o\u00f9 chacun respecte les autres membres et participant\u00b7e\u00b7s.<\/p>\n\n\n\n<p>Nous d\u00e9finissons le harc\u00e8lement comme suit :<\/p>\n\n\n\n<ul class=\"wp-block-list\">\n<li>faire verbalement ou par \u00e9crit des commentaires li\u00e9s au genre, \u00e0 l\u2019orientation sexuelle, \u00e0 la couleur de peau ou l\u2019origine ethnique, \u00e0 l\u2019incapacit\u00e9 ou au handicap.<\/li>\n\n\n\n<li>utiliser la nudit\u00e9 ou des images \u00e0 caract\u00e8re pornographique dans un lieu public (y compris dans les slides de pr\u00e9sentation).<\/li>\n\n\n\n<li>l\u2019intimidation d\u00e9lib\u00e9r\u00e9e, la traque furtive (\u00ab stalking \u00bb) ou le fait de suivre une personne de trop pr\u00e8s.<\/li>\n\n\n\n<li>prendre une photo ou une vid\u00e9o par la contrainte.<\/li>\n\n\n\n<li>perturber une conf\u00e9rence ou un autre \u00e9v\u00e8nement de mani\u00e8re prolong\u00e9e.<\/li>\n\n\n\n<li>faire des contacts physiques inappropri\u00e9s.<\/li>\n\n\n\n<li>faire des avances sexuelles non sollicit\u00e9es.<\/li>\n<\/ul>\n\n\n\n<div style=\"height:1rem\" aria-hidden=\"true\" class=\"wp-block-spacer\"><\/div>\n\n\n\n<h2 class=\"wp-block-heading\">5. <strong>Cons\u00e9quences d\u2019un comportement inacceptable<\/strong><\/h2>\n\n\n\n<p>Les comportements inacceptables ne seront pas tol\u00e9r\u00e9s, qu\u2019ils soient le fait des participant\u00b7e\u00b7s, d\u2019organisateur\u00b7rice\u00b7s, des employ\u00e9s des lieux ou d\u2019autres personnes pr\u00e9sentes sur les lieux de WordCamp Toulouse.<\/p>\n\n\n\n<p>Quiconque se voit demander d\u2019arr\u00eater d\u2019avoir un comportement inacceptable devra se conformer aux r\u00e8gles imm\u00e9diatement.<\/p>\n\n\n\n<p>S\u2019il se trouve qu\u2019un\u00b7e participant\u00b7e prolonge son comportement inacceptable, les organisateurs de la conf\u00e9rence pourront prendre toute action qu\u2019ils estiment n\u00e9cessaires, y compris l\u2019expulsion de la conf\u00e9rence sans avertissement ni remboursement.<\/p>\n\n\n\n<div style=\"height:1rem\" aria-hidden=\"true\" class=\"wp-block-spacer\"><\/div>\n\n\n\n<h2 class=\"wp-block-heading\">6. <strong>Que faire si vous \u00eates t\u00e9moin ou victime d\u2019un comportement inacceptable ?<\/strong><\/h2>\n\n\n\n<p>Si vous \u00eates victime d\u2019un comportement inacceptable durant l\u2019\u00e9v\u00e8nement, que vous remarque que quelqu\u2019un subit un comportement inacceptable, ou que vous avez des doutes, veuillez en parler d\u00e8s que possible \u00e0 l\u2019un des organisateurs de la conf\u00e9rence.<\/p>\n\n\n\n<p><strong>L\u2019\u00e9quipe du WordCamp Toulouse sera toujours disponible pour aider les participant\u00b7e\u00b7s<\/strong> \u00e0 contacter le service de s\u00e9curit\u00e9 du lieu ou m\u00eame la police, \u00e0 escorter ou assister celles et ceux qui subissent un comportement inacceptable afin qu\u2019elles\/ils se sentent en s\u00e9curit\u00e9 pendant la dur\u00e9e de l\u2019\u00e9v\u00e8nement.<\/p>\n\n\n\n<p>Les volontaires qui pr\u00eatent main-forte aux organisateur\u00b7rice\u00b7s porteront un t-shirt distinctif. Tout volontaire pourra vous mener \u00e0 un organisateur de la conf\u00e9rence. Vous pouvez \u00e9galement vous rendre \u00e0 l\u2019accueil et demander \u00e0 parler \u00e0 un organisateur.<\/p>\n\n\n\n<div style=\"height:1rem\" aria-hidden=\"true\" class=\"wp-block-spacer\"><\/div>\n\n\n\n<h2 class=\"wp-block-heading\">7. <strong>Application<\/strong><\/h2>\n\n\n\n<p>Nous comptons sur tous les participant\u00b7e\u00b7s (sponsors, volontaires, orateurs\/trices, participant\u00b7e\u00b7s et autres invit\u00e9\u00b7e\u00b7s) \u00e0 se conformer \u00e0 ce code de conduite pendant la dur\u00e9e de l\u2019\u00e9v\u00e8nement ainsi que durant les \u00e9v\u00e8nements li\u00e9s (d\u00eeners, soir\u00e9es, etc.).<\/p>\n\n\n\n<div style=\"height:1rem\" aria-hidden=\"true\" class=\"wp-block-spacer\"><\/div>\n\n\n\n<h2 class=\"wp-block-heading\">8. <strong>Information de contact<\/strong><\/h2>\n\n\n\n<p>Vous pouvez contacter les organisateur\u00b7rice\u00b7s par le biais du<a href=\"https:\/\/toulouse.wordcamp.org\/2025\/contact\/\"> formulaire de contact<\/a>.<\/p>\n\n\n\n<p>Durant l\u2019\u00e9v\u00e8nement, vous pourrez nous contacter directement depuis <a href=\"https:\/\/www.linkedin.com\/company\/wctoulouse\/\" data-type=\"link\" data-id=\"https:\/\/www.linkedin.com\/company\/wctoulouse\/\" target=\"_blank\" rel=\"noreferrer noopener\">notre page LinkedIn<\/a>.<\/p>\n\n\n\n<div style=\"height:1rem\" aria-hidden=\"true\" class=\"wp-block-spacer\"><\/div>\n\n\n\n<h2 class=\"wp-block-heading\">9. <strong>Licence d\u2019utilisation et attribution<\/strong><\/h2>\n\n\n\n<p>Ce Code de Conduite est repris directement du travail formidable r\u00e9alis\u00e9 par <em>Open Source Bridge<\/em>, mais avec les informations propres \u00e0 notre \u00e9v\u00e8nement. L\u2019original se trouve \u00e0 l\u2019adresse<a href=\"https:\/\/make.wordpress.org\/handbook\/community-code-of-conduct\/\" target=\"_blank\" rel=\"noreferrer noopener\"> https:\/\/make.wordpress.org\/handbook\/community-code-of-conduct\/<\/a> et est distribu\u00e9 sous licence <a href=\"http:\/\/creativecommons.org\/licenses\/by-sa\/3.0\/\" target=\"_blank\" rel=\"noreferrer noopener\">Creative Commons Attribution-ShareAlike<\/a>.<\/p>\n\n\n\n<div style=\"height:2rem\" aria-hidden=\"true\" class=\"wp-block-spacer\"><\/div>\n","protected":false},"excerpt":{"rendered":"<p>L\u2019\u00e9quipe du WordCamp Toulouse, et le projet WordPress en g\u00e9n\u00e9ral, s\u2019efforce de suivre l\u2019exemple promu par la politique anti-harc\u00e8lement propos\u00e9e par l\u2019Ada Initiative. Nous nous efforcerons de suivre leur guide de prise en compte des signalements de harc\u00e8lement. Cette page est une traduction de la page \u00ab Code of Conduct \u00bb mise en place par [&hellip;]<\/p>\n","protected":false},"author":15676079,"featured_media":0,"parent":0,"menu_order":0,"comment_status":"closed","ping_status":"closed","template":"","meta":{"advanced_seo_description":"","jetpack_seo_html_title":"","jetpack_seo_noindex":false,"jetpack_post_was_ever_published":false,"footnotes":""},"class_list":["post-20","page","type-page","status-publish","hentry"],"jetpack_sharing_enabled":true,"_links":{"self":[{"href":"https:\/\/toulouse.wordcamp.org\/2025\/wp-json\/wp\/v2\/pages\/20","targetHints":{"allow":["GET"]}}],"collection":[{"href":"https:\/\/toulouse.wordcamp.org\/2025\/wp-json\/wp\/v2\/pages"}],"about":[{"href":"https:\/\/toulouse.wordcamp.org\/2025\/wp-json\/wp\/v2\/types\/page"}],"author":[{"embeddable":true,"href":"https:\/\/toulouse.wordcamp.org\/2025\/wp-json\/wp\/v2\/users\/15676079"}],"replies":[{"embeddable":true,"href":"https:\/\/toulouse.wordcamp.org\/2025\/wp-json\/wp\/v2\/comments?post=20"}],"version-history":[{"count":16,"href":"https:\/\/toulouse.wordcamp.org\/2025\/wp-json\/wp\/v2\/pages\/20\/revisions"}],"predecessor-version":[{"id":1415,"href":"https:\/\/toulouse.wordcamp.org\/2025\/wp-json\/wp\/v2\/pages\/20\/revisions\/1415"}],"wp:attachment":[{"href":"https:\/\/toulouse.wordcamp.org\/2025\/wp-json\/wp\/v2\/media?parent=20"}],"curies":[{"name":"wp","href":"https:\/\/api.w.org\/{rel}","templated":true}]}}