{"id":2436,"date":"2025-05-14T10:06:52","date_gmt":"2025-05-14T08:06:52","guid":{"rendered":"https:\/\/toulouse.wordcamp.org\/2025\/?page_id=2436"},"modified":"2025-05-14T13:18:25","modified_gmt":"2025-05-14T11:18:25","slug":"accessibilite-inclusivite","status":"publish","type":"page","link":"https:\/\/toulouse.wordcamp.org\/2025\/accessibilite-inclusivite\/","title":{"rendered":"Accessibilit\u00e9 et inclusivit\u00e9"},"content":{"rendered":"\n<div class=\"wp-block-group has-global-padding is-layout-constrained wp-block-group-is-layout-constrained\">\n<p>L&rsquo;\u00e9quipe du WordCamp Toulouse souhaite cr\u00e9er un \u00e9v\u00e8nement accessible et inclusif pour la communaut\u00e9 WordPress.<\/p>\n\n\n\n<p>Pour vous familiariser avec le lieu de l&rsquo;\u00e9v\u00e8nement et l&rsquo;assistance suppl\u00e9mentaire qui sera disponible, nous avons pr\u00e9par\u00e9 cette page qui rassemble des informations concernant l&rsquo;accessibilit\u00e9 du lieu.<\/p>\n\n\n\n<p>Pour toute question ou besoin d&rsquo;une assistance particuli\u00e8re, veuillez <a href=\"https:\/\/toulouse.wordcamp.org\/2025\/contact\/\" data-type=\"page\" data-id=\"17\">contacter notre \u00e9quipe<\/a>.<\/p>\n\n\n\n<nav aria-label=\"Table des mati\u00e8res\" class=\"wp-block-table-of-contents\"><ol><li><a class=\"wp-block-table-of-contents__entry\" href=\"https:\/\/toulouse.wordcamp.org\/2025\/accessibilite-inclusivite\/#informations-generales\">Informations g\u00e9n\u00e9rales<\/a><\/li><li><a class=\"wp-block-table-of-contents__entry\" href=\"https:\/\/toulouse.wordcamp.org\/2025\/accessibilite-inclusivite\/#acces-aux-personnes-a-mobilite-reduite\">Acc\u00e8s aux personnes \u00e0 mobilit\u00e9 r\u00e9duite<\/a><\/li><li><a class=\"wp-block-table-of-contents__entry\" href=\"https:\/\/toulouse.wordcamp.org\/2025\/accessibilite-inclusivite\/#sous-titrage-des-conferences\">Sous titrage des conf\u00e9rences<\/a><\/li><li><a class=\"wp-block-table-of-contents__entry\" href=\"https:\/\/toulouse.wordcamp.org\/2025\/accessibilite-inclusivite\/#chiens-guides\">Chiens guides<\/a><\/li><li><a class=\"wp-block-table-of-contents__entry\" href=\"https:\/\/toulouse.wordcamp.org\/2025\/accessibilite-inclusivite\/#code-de-conduite-et-incidents\">Code de conduite et incidents<\/a><\/li><li><a class=\"wp-block-table-of-contents__entry\" href=\"https:\/\/toulouse.wordcamp.org\/2025\/accessibilite-inclusivite\/#liens-utiles\">Liens utiles<\/a><\/li><\/ol><\/nav>\n<\/div>\n\n\n\n<div class=\"wp-block-group has-global-padding is-layout-constrained wp-block-group-is-layout-constrained\" style=\"margin-top:var(--wp--preset--spacing--60)\">\n<h2 class=\"wp-block-heading\" id=\"informations-generales\">Informations g\u00e9n\u00e9rales<\/h2>\n\n\n\n<p>Le WordCamp Toulouse se tiendra au <strong>Th\u00e9\u00e2tredelaCit\u00e9 \u2013 CDN Toulouse Occitanie<\/strong>, situ\u00e9e au <strong>3, rue Labeda, 31000 Toulouse.<\/strong> (<a href=\"https:\/\/www.google.fr\/maps\/place\/3+Rue+Labeda,+31000+Toulouse\/@43.6043062,1.4468652,17z\/data=!3m1!4b1!4m6!3m5!1s0x12aebc9be1afbef7:0x8a4649ab64b5614a!8m2!3d43.6043023!4d1.4494455!16s%2Fg%2F11rgdjb15b?coh=245189&amp;entry=tts&amp;g_ep=EgoyMDI1MDUwNy4wIPu8ASoJLDEwMjExNDU1SAFQAw%3D%3D&amp;skid=4174abaa-8382-441d-82e8-d029bee5698c\" target=\"_blank\" rel=\"noreferrer noopener\">Voir la carte<\/a>)<\/p>\n\n\n\n<p>Vous le trouverez \u00e0 l\u2019angle de la rue Pierre Baudis et de la rue Labeda, \u00e0 deux pas de la place Wilson et du m\u00e9tro Jean Jaur\u00e8s.<\/p>\n\n\n\n<p>\u00c0 votre arriv\u00e9e vous serez accueilli\u00b7e par l&rsquo;\u00e9quipe organisatrice et les b\u00e9n\u00e9voles, identifiables par leur polo blanc estampill\u00e9 du logo de l&rsquo;\u00e9v\u00e9nement. N&rsquo;h\u00e9sitez pas, tout au long de la journ\u00e9e, \u00e0 vous adresser \u00e0 nous pour toute question.<\/p>\n\n\n\n<p>Les conf\u00e9rences ont lieu dans deux salles, tout au long de la journ\u00e9e, et seront sous titr\u00e9es. Une pause d\u00e9jeuner est propos\u00e9e le midi, ainsi qu&rsquo;un acc\u00e8s \u00e0 l&rsquo;after party le soir (tous les deux inclus dans votre billet).<\/p>\n\n\n\n<p>Le WordCamp aura lieu au rez-de-chauss\u00e9e et au premier \u00e9tage, qui est accessible par un ascenseur.<\/p>\n<\/div>\n\n\n\n<div class=\"wp-block-group has-global-padding is-layout-constrained wp-block-group-is-layout-constrained\" style=\"margin-top:var(--wp--preset--spacing--60)\">\n<h2 class=\"wp-block-heading\" id=\"acces-aux-personnes-a-mobilite-reduite\">Acc\u00e8s aux personnes \u00e0 mobilit\u00e9 r\u00e9duite<\/h2>\n\n\n\n<p>L\u2019accueil, la circulation dans le th\u00e9\u00e2tre et l\u2019acc\u00e8s aux salles de conf\u00e9rences sont adapt\u00e9s aux personnes en situation de handicap.<\/p>\n\n\n\n<p>Les deux salles de conf\u00e9rences propose plusieurs places PMR pour fauteuils roulants, d\u00e9taill\u00e9es ci-apr\u00e8s :<\/p>\n\n\n\n<ul class=\"wp-block-list\">\n<li>Salle Tiger : 16 emplacements<\/li>\n\n\n\n<li>Salle Cloud : 8 emplacements<\/li>\n<\/ul>\n\n\n\n<p>Les toilettes sont accessibles par un ascenseur.<\/p>\n\n\n\n<p>Si avez besoin d&rsquo;un emplacement PMR, nous vous demandons de le pr\u00e9ciser lors de l&rsquo;achat de votre billet et \u00e0 l&rsquo;accueil lorsque vous arrivez au WordCamp.<\/p>\n\n\n\n<p>Enfin, une personne d\u00e9di\u00e9e \u00e0 l&rsquo;accessibilit\u00e9 sera disponible par t\u00e9l\u00e9phone tout au long de la journ\u00e9e. Son num\u00e9ro de t\u00e9l\u00e9phone sera fourni sur simple demande \u00e0 l&rsquo;accueil du WordCamp ou via notre <a href=\"https:\/\/toulouse.wordcamp.org\/2025\/contact\/\" data-type=\"page\" data-id=\"17\">formulaire de contact<\/a>.<\/p>\n<\/div>\n\n\n\n<div class=\"wp-block-group has-global-padding is-layout-constrained wp-block-group-is-layout-constrained\" style=\"margin-top:var(--wp--preset--spacing--60)\">\n<h2 class=\"wp-block-heading\" id=\"sous-titrage-des-conferences\">Sous titrage des conf\u00e9rences<\/h2>\n\n\n\n<p>Les conf\u00e9rences seront sous titr\u00e9es en direct, gr\u00e2ce \u00e0 la v\u00e9lotypie.<\/p>\n\n\n\n<p>Nous vous conseillons de vous installer plut\u00f4t aux premiers rangs des salles, \u00e0 droite en face de l&rsquo;\u00e9cran d\u00e9di\u00e9, afin de pouvoir lire plus facilement les sous titres. Si toutes les places aux premiers rangs sont occup\u00e9es, nous pourrons demander aux personnes d\u00e9j\u00e0 install\u00e9es et n&rsquo;ayant pas besoin de la v\u00e9lotypie, de s&rsquo;installer ailleurs.<\/p>\n<\/div>\n\n\n\n<div class=\"wp-block-group has-global-padding is-layout-constrained wp-block-group-is-layout-constrained\" style=\"margin-top:var(--wp--preset--spacing--60)\">\n<h2 class=\"wp-block-heading\" id=\"chiens-guides\">Chiens guides<\/h2>\n\n\n\n<p>Les chiens guides sont accept\u00e9s.<\/p>\n<\/div>\n\n\n\n<div class=\"wp-block-group has-global-padding is-layout-constrained wp-block-group-is-layout-constrained\" style=\"margin-top:var(--wp--preset--spacing--60)\">\n<h2 class=\"wp-block-heading\" id=\"code-de-conduite-et-incidents\">Code de conduite et incidents<\/h2>\n\n\n\n<p>Toutes les personnes participants au WordCamp sont tenues de respecter le <a href=\"https:\/\/toulouse.wordcamp.org\/2025\/code-de-conduite\/\">code de conduite<\/a>.<\/p>\n\n\n\n<p>Si vous \u00eates victime ou t\u00e9moin d&rsquo;un incident lors du WordCamp, nous vous demandons de le signaler ou de le faire signaler \u00e0 une personne de l&rsquo;organisation ou \u00e0 un\u00b7e b\u00e9n\u00e9vole dans les plus brefs d\u00e9lais.<\/p>\n<\/div>\n\n\n\n<div class=\"wp-block-group has-global-padding is-layout-constrained wp-block-group-is-layout-constrained\" style=\"margin-top:var(--wp--preset--spacing--60)\">\n<h2 class=\"wp-block-heading\" id=\"liens-utiles\">Liens utiles<\/h2>\n\n\n\n<ul class=\"wp-block-list\">\n<li><a href=\"https:\/\/theatre-cite.com\/accessibilite\/\">Page \u00ab\u00a0Accessibilit\u00e9\u00a0\u00bb sur le site du Th\u00e9\u00e2tre de la cit\u00e9<\/a><\/li>\n\n\n\n<li><a href=\"https:\/\/theatre-cite.com\/se-rendre-au-theatre-accessibilite\/\">Page \u00ab\u00a0Se rendre au Th\u00e9\u00e2tre\u00a0\u00bb sur le site du Th\u00e9\u00e2tre de la cit\u00e9<\/a><\/li>\n<\/ul>\n<\/div>\n\n\n\n<div style=\"height:100px\" aria-hidden=\"true\" class=\"wp-block-spacer\"><\/div>\n","protected":false},"excerpt":{"rendered":"<p>L&rsquo;\u00e9quipe du WordCamp Toulouse souhaite cr\u00e9er un \u00e9v\u00e8nement accessible et inclusif pour la communaut\u00e9 WordPress. Pour vous familiariser avec le lieu de l&rsquo;\u00e9v\u00e8nement et l&rsquo;assistance suppl\u00e9mentaire qui sera disponible, nous avons pr\u00e9par\u00e9 cette page qui rassemble des informations concernant l&rsquo;accessibilit\u00e9 du lieu. Pour toute question ou besoin d&rsquo;une assistance particuli\u00e8re, veuillez contacter notre \u00e9quipe. Informations [&hellip;]<\/p>\n","protected":false},"author":14263180,"featured_media":0,"parent":0,"menu_order":0,"comment_status":"closed","ping_status":"closed","template":"","meta":{"advanced_seo_description":"","jetpack_seo_html_title":"","jetpack_seo_noindex":false,"jetpack_post_was_ever_published":false,"footnotes":""},"class_list":["post-2436","page","type-page","status-publish","hentry"],"jetpack_sharing_enabled":true,"_links":{"self":[{"href":"https:\/\/toulouse.wordcamp.org\/2025\/wp-json\/wp\/v2\/pages\/2436","targetHints":{"allow":["GET"]}}],"collection":[{"href":"https:\/\/toulouse.wordcamp.org\/2025\/wp-json\/wp\/v2\/pages"}],"about":[{"href":"https:\/\/toulouse.wordcamp.org\/2025\/wp-json\/wp\/v2\/types\/page"}],"author":[{"embeddable":true,"href":"https:\/\/toulouse.wordcamp.org\/2025\/wp-json\/wp\/v2\/users\/14263180"}],"replies":[{"embeddable":true,"href":"https:\/\/toulouse.wordcamp.org\/2025\/wp-json\/wp\/v2\/comments?post=2436"}],"version-history":[{"count":15,"href":"https:\/\/toulouse.wordcamp.org\/2025\/wp-json\/wp\/v2\/pages\/2436\/revisions"}],"predecessor-version":[{"id":3355,"href":"https:\/\/toulouse.wordcamp.org\/2025\/wp-json\/wp\/v2\/pages\/2436\/revisions\/3355"}],"wp:attachment":[{"href":"https:\/\/toulouse.wordcamp.org\/2025\/wp-json\/wp\/v2\/media?parent=2436"}],"curies":[{"name":"wp","href":"https:\/\/api.w.org\/{rel}","templated":true}]}}