{"id":7,"date":"2024-03-16T02:19:44","date_gmt":"2024-03-16T01:19:44","guid":{"rendered":"https:\/\/toulouse.wordcamp.org\/2025\/schedule\/"},"modified":"2025-05-29T09:29:56","modified_gmt":"2025-05-29T07:29:56","slug":"programme","status":"publish","type":"page","link":"https:\/\/toulouse.wordcamp.org\/2025\/programme\/","title":{"rendered":"Programme"},"content":{"rendered":"\n<div class=\"wp-block-group alignwide has-global-padding is-layout-constrained wp-block-group-is-layout-constrained\" style=\"margin-bottom:var(--wp--preset--spacing--50)\">\n<div class=\"wp-block-group has-global-padding is-layout-constrained wp-container-core-group-is-layout-454387ec wp-block-group-is-layout-constrained\" style=\"padding-top:var(--wp--preset--spacing--40);padding-bottom:var(--wp--preset--spacing--40)\">\n<h2 class=\"wp-block-heading has-text-align-center has-custom-violet-color has-text-color has-link-color wp-elements-15efa1f0e0fb2ea75371e7cbca4bc9de\">Il est l\u00e0 !<\/h2>\n\n\n\n<p class=\"has-text-align-center wp-block-paragraph\">Le <strong>programme du WordCamp Toulouse<\/strong> est enfin disponible !<\/p>\n\n\n\n<p class=\"has-text-align-center wp-block-paragraph\">D\u00e9couvrez tous les conf\u00e9rences qui seront propos\u00e9es pour cette premi\u00e8re \u00e9dition toulousaine.<\/p>\n\n\n\n<p class=\"has-text-align-center wp-block-paragraph\">Merci \u00e0 tous les orateurs pour leur participation !<\/p>\n<\/div>\n\n\n\n<div class=\"wp-block-group alignwide has-global-padding is-layout-constrained wp-block-group-is-layout-constrained\" style=\"margin-top:var(--wp--preset--spacing--40)\">\n<div class=\"wp-block-columns alignwide is-layout-flex wp-container-core-columns-is-layout-84f855d9 wp-block-columns-is-layout-flex\">\n<div class=\"wp-block-column is-layout-flow wp-block-column-is-layout-flow\">\n<div class=\"wp-block-group has-custom-violet-tres-leger-background-color has-background has-global-padding is-layout-constrained wp-container-core-group-is-layout-d25ada51 wp-block-group-is-layout-constrained\" style=\"border-radius:16px;padding-top:var(--wp--preset--spacing--50);padding-right:var(--wp--preset--spacing--40);padding-bottom:var(--wp--preset--spacing--50);padding-left:var(--wp--preset--spacing--40)\">\n<p class=\"has-text-align-center has-custom-violet-color has-text-color has-link-color has-large-font-size wp-elements-205d7dc72eb96c930a86cc10a01c6c06 wp-block-paragraph\"><strong><a href=\"https:\/\/toulouse.wordcamp.org\/2025\/infos-pratiques\/\" data-type=\"page\" data-id=\"231\">Toutes les infos pratiques<\/a><\/strong><\/p>\n\n\n\n<p class=\"has-text-align-center wp-block-paragraph\">Une question sur le WordCamp Toulouse ? Nous trouverez probablement la r\u00e9ponse sur cette page.<\/p>\n<\/div>\n<\/div>\n\n\n\n<div class=\"wp-block-column is-layout-flow wp-block-column-is-layout-flow\">\n<div class=\"wp-block-group has-custom-violet-tres-leger-background-color has-background has-global-padding is-layout-constrained wp-container-core-group-is-layout-d25ada51 wp-block-group-is-layout-constrained\" style=\"border-radius:16px;padding-top:var(--wp--preset--spacing--50);padding-right:var(--wp--preset--spacing--40);padding-bottom:var(--wp--preset--spacing--50);padding-left:var(--wp--preset--spacing--40)\">\n<p class=\"has-text-align-center has-custom-violet-color has-text-color has-link-color has-large-font-size wp-elements-8dbb4df2c94d74b74071c48a568a0941 wp-block-paragraph\"><strong><a href=\"https:\/\/toulouse.wordcamp.org\/2025\/le-wordcamp-toulouse-pour-les-novices\/\" data-type=\"post\" data-id=\"2275\">C&rsquo;est votre premier WordCamp ?<\/a><\/strong><\/p>\n\n\n\n<p class=\"has-text-align-center wp-block-paragraph\">Nous avons r\u00e9dig\u00e9 un guide de survie pour que vous puissiez bien vous pr\u00e9parer pour cette journ\u00e9e riche.<\/p>\n<\/div>\n<\/div>\n<\/div>\n<\/div>\n\n\n\n<div class=\"wp-block-group alignwide has-global-padding is-layout-constrained wp-container-core-group-is-layout-cd9b6ce6 wp-block-group-is-layout-constrained\" style=\"margin-top:var(--wp--preset--spacing--70)\">\n<h2 class=\"wp-block-heading alignwide\">22 mai 2025<\/h2>\n\n\n\n<div class=\"wp-block-group alignwide has-global-padding is-layout-constrained wp-container-core-group-is-layout-cda2581c wp-block-group-is-layout-constrained\" style=\"margin-top:var(--wp--preset--spacing--40)\">\n<div class=\"wp-block-group alignwide has-custom-violet-leger-background-color has-background has-global-padding is-layout-constrained wp-container-core-group-is-layout-27be8982 wp-block-group-is-layout-constrained\" style=\"border-top-left-radius:16px;border-top-right-radius:16px;border-top-width:1px;border-right-width:1px;border-bottom-style:none;border-bottom-width:0px;border-left-width:1px;padding-top:var(--wp--preset--spacing--20);padding-right:var(--wp--preset--spacing--30);padding-bottom:var(--wp--preset--spacing--20);padding-left:var(--wp--preset--spacing--30)\">\n<p class=\"has-text-align-center has-bricolage-grotesque-font-family wp-block-paragraph\" style=\"font-size:clamp(0.875rem, 0.875rem + ((1vw - 0.2rem) * 0.5), 1.15rem);\"><strong>La Cantine<\/strong><\/p>\n<\/div>\n\n\n\n<div class=\"wp-block-group alignwide has-border-color has-global-padding is-layout-constrained wp-container-core-group-is-layout-58f2d333 wp-block-group-is-layout-constrained\" style=\"border-color:#511080;border-width:1px;border-bottom-left-radius:16px;border-bottom-right-radius:16px;padding-top:var(--wp--preset--spacing--50);padding-right:var(--wp--preset--spacing--40);padding-bottom:var(--wp--preset--spacing--50);padding-left:var(--wp--preset--spacing--40)\">\n<h3 class=\"wp-block-heading has-text-align-center has-large-font-size\">Journ\u00e9e de contribution \u00e0 WordPress<\/h3>\n\n\n\n<p class=\"has-text-align-center has-custom-violet-color has-text-color has-link-color wp-elements-bf39a07468f48af95f61bebabafc10d4 wp-block-paragraph\"><a href=\"https:\/\/maps.app.goo.gl\/JxAqBAbZ1gAvxCa3A\" data-type=\"link\" data-id=\"https:\/\/maps.app.goo.gl\/JxAqBAbZ1gAvxCa3A\" target=\"_blank\" rel=\"noreferrer noopener nofollow\">La Cantine by La M\u00e9l\u00e9e<br>27 rue d\u2019aubuisson, 31 000 Toulouse<\/a><\/p>\n\n\n\n<p class=\"has-text-align-center wp-block-paragraph\" style=\"font-size:clamp(0.875rem, 0.875rem + ((1vw - 0.2rem) * 0.227), 1rem);\">9h30 &#8211; 18h<\/p>\n\n\n\n<div class=\"wp-block-buttons is-content-justification-center is-layout-flex wp-container-core-buttons-is-layout-fcbfd87a wp-block-buttons-is-layout-flex\" style=\"margin-top:var(--wp--preset--spacing--40)\">\n<div class=\"wp-block-button is-style-outline is-style-outline--1\"><a class=\"wp-block-button__link has-custom-violet-tres-leger-background-color has-background wp-element-button\" href=\"https:\/\/toulouse.wordcamp.org\/2025\/participez-a-la-journee-de-contribution-wordpress-a-toulouse\/\">En savoir plus<\/a><\/div>\n<\/div>\n<\/div>\n<\/div>\n<\/div>\n\n\n\n<div class=\"wp-block-group alignwide has-global-padding is-layout-constrained wp-block-group-is-layout-constrained\" id=\"programme\" style=\"margin-top:var(--wp--preset--spacing--70)\">\n<div\n\tclass=\"wp-block-wordcamp-schedule alignwide is-loading\"\n\t\tdata-attributes=\"{&quot;__isStylesPreview&quot;:false,&quot;align&quot;:&quot;wide&quot;,&quot;chooseSpecificDays&quot;:true,&quot;chosenDays&quot;:[&quot;2025-05-23&quot;],&quot;chooseSpecificTracks&quot;:true,&quot;chosenTrackIds&quot;:[28,29],&quot;showCategories&quot;:true,&quot;useClientTimezone&quot;:false,&quot;className&quot;:&quot;is-style-default&quot;}\"\n>\n\tChargement&#8230;<\/div>\n\n\n\t<div class=\"email-form fav-session-email-form-hide\">\n\t\t<!-- Tab links -->\n\t\t<div class=\"fav-session-share-tab\">\n\t\t\t\t\t\t\t<div class=\"fav-session-tablinks\" id=\"fav-session-btn-email\">\n\t\t\t\t\tE-mail\t\t\t\t<\/div>\n\t\t\t\n\t\t\t<div class=\"fav-session-tablinks\" id=\"fav-session-btn-link\">\n\t\t\t\tLien\t\t\t<\/div>\n\n\t\t\t<div class=\"fav-session-tablinks\" id=\"fav-session-btn-print\">\n\t\t\t\tImprimer\t\t\t<\/div>\n\t\t<\/div>\n\n\t\t<!-- Tab content -->\n\t\t\t\t\t<div id=\"fav-session-tab-email\" class=\"fav-session-share-tabcontent\">\n\t\t\t\t<div id=\"fav-session-email-form\">\n\t\t\t\t\tM\u2019envoyer mes sessions favorites\u00a0:\n\t\t\t\t\t<form id=\"fav-sessions-form\">\n\t\t\t\t\t\t<input\n\t\t\t\t\t\t\ttype=\"text\"\n\t\t\t\t\t\t\tname=\"email_address\"\n\t\t\t\t\t\t\tid=\"fav-sessions-email-address\"\n\t\t\t\t\t\t\tplaceholder=\"me@protonmail.com\"\n\t\t\t\t\t\t\/>\n\t\t\t\t\t\t<input type=\"submit\" value=\"Envoyer\" \/>\n\t\t\t\t\t<\/form>\n\t\t\t\t<\/div>\n\n\t\t\t\t<div class=\"fav-session-email-wait-spinner\"><\/div>\n\t\t\t\t<div class=\"fav-session-email-result\"><\/div>\n\t\t\t<\/div>\n\t\t\n\t\t<div id=\"fav-session-tab-link\" class=\"fav-session-share-tabcontent\">\n\t\t\tLien partageable\u00a0:\t\t\t<br \/>\n\t\t\t<a id=\"fav-sessions-link\" href=\"\"><\/a>\n\t\t<\/div>\n\n\t\t<div id=\"fav-session-tab-print\" class=\"fav-session-share-tabcontent\">\n\t\t\t<button id=\"fav-session-print\">\n\t\t\t\tAfficher les sessions favorites\t\t\t<\/button>\n\t\t<\/div>\n\t<\/div>\n\n\t<a class=\"show-email-form\" href=\"javascript:\">\n\t\t<span class=\"dashicons dashicons-star-filled\"><\/span>\n\t\t<span class=\"dashicons dashicons-email-alt\"><\/span>\n\t<\/a>\n\n\t\n\n\n<div class=\"wp-block-group alignwide has-global-padding is-layout-constrained wp-container-core-group-is-layout-cd9b6ce6 wp-block-group-is-layout-constrained\" style=\"margin-top:var(--wp--preset--spacing--70)\">\n<div class=\"wp-block-group alignwide has-global-padding is-layout-constrained wp-container-core-group-is-layout-cda2581c wp-block-group-is-layout-constrained\" style=\"margin-top:var(--wp--preset--spacing--40)\">\n<div class=\"wp-block-group alignwide has-custom-violet-leger-background-color has-background has-global-padding is-layout-constrained wp-container-core-group-is-layout-27be8982 wp-block-group-is-layout-constrained\" style=\"border-top-left-radius:16px;border-top-right-radius:16px;border-top-width:1px;border-right-width:1px;border-bottom-style:none;border-bottom-width:0px;border-left-width:1px;padding-top:var(--wp--preset--spacing--20);padding-right:var(--wp--preset--spacing--30);padding-bottom:var(--wp--preset--spacing--20);padding-left:var(--wp--preset--spacing--30)\">\n<p class=\"has-text-align-center has-bricolage-grotesque-font-family wp-block-paragraph\" style=\"font-size:clamp(0.875rem, 0.875rem + ((1vw - 0.2rem) * 0.5), 1.15rem);\"><strong>Th\u00e9\u00e2tredelaCit\u00e9<\/strong><\/p>\n<\/div>\n\n\n\n<div class=\"wp-block-group alignwide has-border-color has-global-padding is-layout-constrained wp-container-core-group-is-layout-58f2d333 wp-block-group-is-layout-constrained\" style=\"border-color:#511080;border-width:1px;border-bottom-left-radius:16px;border-bottom-right-radius:16px;padding-top:var(--wp--preset--spacing--50);padding-right:var(--wp--preset--spacing--40);padding-bottom:var(--wp--preset--spacing--50);padding-left:var(--wp--preset--spacing--40)\">\n<h3 class=\"wp-block-heading has-text-align-center has-large-font-size\">After party<\/h3>\n\n\n\n<p class=\"has-text-align-center wp-block-paragraph\" style=\"font-size:clamp(0.875rem, 0.875rem + ((1vw - 0.2rem) * 0.227), 1rem);\">20h &#8211; 00h<\/p>\n\n\n\n<div class=\"wp-block-group has-global-padding is-layout-constrained wp-container-core-group-is-layout-6d2c9e88 wp-block-group-is-layout-constrained\">\n<p class=\"has-text-align-center wp-block-paragraph\">On vous attend <strong>au rez-de-chauss\u00e9e du Th\u00e9\u00e2tredelaCit\u00e9<\/strong> pour un superbe after party pour cl\u00f4turer cette belle journ\u00e9e !<\/p>\n<\/div>\n<\/div>\n<\/div>\n<\/div>\n<\/div>\n<\/div>\n","protected":false},"excerpt":{"rendered":"<p>Il est l\u00e0 ! Le programme du WordCamp Toulouse est enfin disponible ! D\u00e9couvrez tous les conf\u00e9rences qui seront propos\u00e9es pour cette premi\u00e8re \u00e9dition toulousaine. Merci \u00e0 tous les orateurs pour leur participation ! Toutes les infos pratiques Une question sur le WordCamp Toulouse ? Nous trouverez probablement la r\u00e9ponse sur cette page. C&rsquo;est votre [&hellip;]<\/p>\n","protected":false},"author":20913861,"featured_media":1514,"parent":0,"menu_order":0,"comment_status":"closed","ping_status":"closed","template":"","meta":{"_crdt_document":"","advanced_seo_description":"","jetpack_seo_html_title":"","jetpack_seo_noindex":false,"jetpack_post_was_ever_published":true,"footnotes":""},"class_list":["post-7","page","type-page","status-publish","has-post-thumbnail","hentry"],"jetpack_sharing_enabled":true,"_links":{"self":[{"href":"https:\/\/toulouse.wordcamp.org\/2025\/wp-json\/wp\/v2\/pages\/7","targetHints":{"allow":["GET"]}}],"collection":[{"href":"https:\/\/toulouse.wordcamp.org\/2025\/wp-json\/wp\/v2\/pages"}],"about":[{"href":"https:\/\/toulouse.wordcamp.org\/2025\/wp-json\/wp\/v2\/types\/page"}],"author":[{"embeddable":true,"href":"https:\/\/toulouse.wordcamp.org\/2025\/wp-json\/wp\/v2\/users\/20913861"}],"replies":[{"embeddable":true,"href":"https:\/\/toulouse.wordcamp.org\/2025\/wp-json\/wp\/v2\/comments?post=7"}],"version-history":[{"count":66,"href":"https:\/\/toulouse.wordcamp.org\/2025\/wp-json\/wp\/v2\/pages\/7\/revisions"}],"predecessor-version":[{"id":3646,"href":"https:\/\/toulouse.wordcamp.org\/2025\/wp-json\/wp\/v2\/pages\/7\/revisions\/3646"}],"wp:featuredmedia":[{"embeddable":true,"href":"https:\/\/toulouse.wordcamp.org\/2025\/wp-json\/wp\/v2\/media\/1514"}],"wp:attachment":[{"href":"https:\/\/toulouse.wordcamp.org\/2025\/wp-json\/wp\/v2\/media?parent=7"}],"curies":[{"name":"wp","href":"https:\/\/api.w.org\/{rel}","templated":true}]}}